{"id":6628,"date":"2021-01-10T20:22:44","date_gmt":"2021-01-10T20:22:44","guid":{"rendered":"https:\/\/www.clinicaareias.com\/mca\/homepage-2\/"},"modified":"2025-04-08T07:22:38","modified_gmt":"2025-04-08T07:22:38","slug":"1sthome","status":"publish","type":"page","link":"https:\/\/www.clinicaareias.com\/mca\/","title":{"rendered":"1stHOME"},"content":{"rendered":"<section class=\"wpb-content-wrapper\"><p>[vc_row tlg_padding=&#8221;pb0&#8243; el_id=&#8221;about&#8221;][vc_column][vc_single_image image=&#8221;6314&#8243; img_size=&#8221;full&#8221; alignment=&#8221;center&#8221;][\/vc_column][\/vc_row][vc_row tlg_padding=&#8221;pb0&#8243;][vc_column]<div class=\"headings-title  wpb_animate_when_almost_visible wpb_top-to-bottom top-to-bottom\"><div class=\"mb16  mb-xs-40 text-center\"><h5 style=\"font-size:22px;line-height:32px;text-transform: uppercase!important;\" class=\"widgettitle \"><cite>COMUNICADO<\/cite><\/h5><div class=\"divider-wrap\"><i  class=\"ti-pulse\"><\/i><div  class=\"tlg-divider\"><\/div><\/div><\/div><\/div>[\/vc_column][\/vc_row][vc_row tlg_padding=&#8221;pb0&#8243;][vc_column][vc_column_text]<\/p>\n<p style=\"text-align: center; margin-bottom: 6px;\">Informamos que a partir de 1 de maio de 2025 encerraremos a atividade cl\u00ednica.<\/p>\n<p style=\"text-align: center;\">A Cl\u00ednica Samurai funcionar\u00e1 no mesmo espa\u00e7o, a sala 904.<\/p>\n<p>[\/vc_column_text][\/vc_column][\/vc_row][vc_row tlg_padding=&#8221;pb0&#8243; css=&#8221;.vc_custom_1744020652755{margin-top: 20px !important;}&#8221;][vc_column]<div class=\"headings-title  wpb_animate_when_almost_visible wpb_top-to-bottom top-to-bottom\"><div class=\"mb16  mb-xs-40 text-center\"><h5 style=\"font-size:22px;line-height:32px;text-transform: uppercase!important;\" class=\"widgettitle \"><cite>CONTACTOS<\/cite><\/h5><div class=\"divider-wrap\"><i  class=\"ti-pulse\"><\/i><div  class=\"tlg-divider\"><\/div><\/div><\/div><\/div>[\/vc_column][\/vc_row][vc_row][vc_column width=&#8221;1\/3&#8243;]<div class=\"headings-title \"><div class=\"mb16 mb16 mb-xs-40 text-left\"><h5 style=\"color:#303030!important;font-size:16px;line-height:26px;text-transform: uppercase!important;\" class=\"widgettitle mb10\">Prof\u00aa Doutora Herc\u00edlia Guimar\u00e3es<\/h5><\/div><\/div><div class=\"headings-title \"><div class=\"mb16 mb16 mb-xs-40 text-left\"><h5 style=\"color:#ef4135!important;font-size:16px;line-height:26px;text-transform: uppercase!important;\" class=\"widgettitle mb10\">Pediatria<\/h5><\/div><\/div>[vc_column_text css=&#8221;.vc_custom_1744022351890{margin-top: 30px !important;}&#8221;]<\/p>\n<p style=\"font-size: 14px; line-height: 22px; font-weight: 600; font-style: normal; margin-bottom: 10px;\">CASA DE SA\u00daDE DA BOAVISTA<\/p>\n<p style=\"font-size: 14px; line-height: 22px; font-weight: 200; font-style: normal; margin-bottom: 26px;\">+351 228 339 060<\/p>\n<p style=\"font-size: 14px; line-height: 22px; font-weight: 600; font-style: normal; margin-bottom: 10px;\">SANTA CASA DA MISERIC\u00d3RDIA DE F\u00c3O<\/p>\n<p style=\"font-size: 14px; line-height: 22px; font-weight: 200; font-style: normal;\">+351 253 989 300<\/p>\n<p>[\/vc_column_text][\/vc_column][vc_column width=&#8221;1\/3&#8243;]<div class=\"headings-title \"><div class=\"mb16 mb16 mb-xs-40 text-left\"><h5 style=\"color:#303030!important;font-size:16px;line-height:26px;text-transform: uppercase!important;\" class=\"widgettitle mb10\">Prof. Doutor Jorge Areias<\/h5><\/div><\/div><div class=\"headings-title \"><div class=\"mb16 mb16 mb-xs-40 text-left\"><h5 style=\"color:#ef4135!important;font-size:16px;line-height:26px;text-transform: uppercase!important;\" class=\"widgettitle mb10\">Gastrenterologia<\/h5><\/div><\/div>[vc_column_text css=&#8221;.vc_custom_1744022432045{margin-top: 30px !important;}&#8221;]<\/p>\n<p style=\"font-size: 14px; line-height: 22px; font-weight: 600; font-style: normal; margin-bottom: 10px;\">SANTA CASA DA MISERIC\u00d3RDIA DE F\u00c3O<\/p>\n<p style=\"font-size: 14px; line-height: 22px; font-weight: 200; font-style: normal;\">+351 253 989 300<\/p>\n<p>[\/vc_column_text][\/vc_column][vc_column width=&#8221;1\/3&#8243;]<div class=\"headings-title \"><div class=\"mb16 mb16 mb-xs-40 text-left\"><h5 style=\"color:#303030!important;font-size:16px;line-height:26px;text-transform: uppercase!important;\" class=\"widgettitle mb10\">Prof\u00aa Doutora Cristina Areias<\/h5><\/div><\/div><div class=\"headings-title \"><div class=\"mb16 mb16 mb-xs-40 text-left\"><h5 style=\"color:#ef4135!important;font-size:16px;line-height:26px;text-transform: uppercase!important;\" class=\"widgettitle mb10\">Odontopediatria<\/h5><\/div><\/div>[vc_column_text css=&#8221;.vc_custom_1744022494658{margin-top: 30px !important;}&#8221;]<\/p>\n<p style=\"font-size: 14px; line-height: 22px; font-weight: 600; font-style: normal; margin-bottom: 10px;\">FACULDADE DE MEDICINA DENT\u00c1RIA DA UNIVERSIDADE DO PORTO<\/p>\n<p style=\"font-size: 14px; line-height: 22px; font-weight: 200; font-style: normal;\">+351 220 901 112<\/p>\n<p>[\/vc_column_text][\/vc_column][\/vc_row][vc_row][vc_column width=&#8221;1\/3&#8243;]<div class=\"headings-title \"><div class=\"mb16 mb16 mb-xs-40 text-left\"><h5 style=\"color:#303030!important;font-size:16px;line-height:26px;text-transform: uppercase!important;\" class=\"widgettitle mb10\">Prof\u00aa Doutora Patr\u00edcia Fonseca<\/h5><\/div><\/div><div class=\"headings-title \"><div class=\"mb16 mb16 mb-xs-40 text-left\"><h5 style=\"color:#ef4135!important;font-size:16px;line-height:26px;text-transform: uppercase!important;\" class=\"widgettitle mb10\">Reabilita\u00e7\u00e3o Oral e Oclus\u00e3o<\/h5><\/div><\/div>[vc_column_text css=&#8221;.vc_custom_1744095693255{margin-top: 30px !important;}&#8221;]<\/p>\n<p style=\"font-size: 14px; line-height: 22px; font-weight: 600; font-style: normal; margin-bottom: 10px;\">CL\u00cdNICA DE MEDICINA DENT\u00c1RIA PROF. DOUTOR MIGUEL \u00c2NGELO GOUVEIA EM FAMALIC\u00c3O<\/p>\n<p style=\"font-size: 14px; line-height: 22px; font-weight: 200; font-style: normal; margin-bottom: 10px;\">+351 252 881 351<\/p>\n<p style=\"font-size: 14px; line-height: 22px; font-weight: 200; font-style: normal;\">+351 934 465 717<\/p>\n<p>[\/vc_column_text][\/vc_column][vc_column width=&#8221;1\/3&#8243;]<div class=\"headings-title \"><div class=\"mb16 mb16 mb-xs-40 text-left\"><h5 style=\"color:#303030!important;font-size:16px;line-height:26px;text-transform: uppercase!important;\" class=\"widgettitle mb10\">Dr. Marco Rodrigues<\/h5><\/div><\/div><div class=\"headings-title \"><div class=\"mb16 mb16 mb-xs-40 text-left\"><h5 style=\"color:#ef4135!important;font-size:16px;line-height:26px;text-transform: uppercase!important;\" class=\"widgettitle mb10\">Ortodontia<\/h5><\/div><\/div>[vc_column_text css=&#8221;.vc_custom_1744095717338{margin-top: 30px !important;}&#8221;]<\/p>\n<p style=\"font-size: 14px; line-height: 22px; font-weight: 600; font-style: normal; margin-bottom: 10px;\">CENTRO ESPECIALIZADO DE MEDICINA DENT\u00c1RIA EM LOUSADA<\/p>\n<p style=\"font-size: 14px; line-height: 22px; font-weight: 200; font-style: normal; margin-bottom: 10px;\">+351 915 695 155<\/p>\n<p style=\"font-size: 14px; line-height: 22px; font-weight: 200; font-style: normal;\">+351 255 913 053<\/p>\n<p>[\/vc_column_text][\/vc_column][vc_column width=&#8221;1\/3&#8243;][\/vc_column][\/vc_row][vc_row tlg_text_align=&#8221;text-center&#8221;][vc_column]<div class=\"\"><a  id=\"btn-69ee21b147f9a\" class=\"btn btn-filled btn-rounded btn-lg   btn-sm-sm\" href= \"https:\/\/www.clinicaareias.com\/mca\/homepage\/\" target=\"_self\" >FECHAR<\/a><\/div>[\/vc_column][\/vc_row]<\/p>\n<\/section>","protected":false},"excerpt":{"rendered":"<p>[vc_row tlg_padding=&#8221;pb0&#8243; el_id=&#8221;about&#8221;][vc_column][vc_single_image image=&#8221;6314&#8243; img_size=&#8221;full&#8221; alignment=&#8221;center&#8221;][\/vc_column][\/vc_row][vc_row tlg_padding=&#8221;pb0&#8243;][vc_column][\/vc_column][\/vc_row][vc_row tlg_padding=&#8221;pb0&#8243;][vc_column][vc_column_text] Informamos que a partir de 1 de maio&#8230;<\/p>\n","protected":false},"author":1,"featured_media":0,"parent":0,"menu_order":0,"comment_status":"closed","ping_status":"closed","template":"","meta":{"footnotes":""},"class_list":["post-6628","page","type-page","status-publish","hentry"],"_links":{"self":[{"href":"https:\/\/www.clinicaareias.com\/mca\/wp-json\/wp\/v2\/pages\/6628","targetHints":{"allow":["GET"]}}],"collection":[{"href":"https:\/\/www.clinicaareias.com\/mca\/wp-json\/wp\/v2\/pages"}],"about":[{"href":"https:\/\/www.clinicaareias.com\/mca\/wp-json\/wp\/v2\/types\/page"}],"author":[{"embeddable":true,"href":"https:\/\/www.clinicaareias.com\/mca\/wp-json\/wp\/v2\/users\/1"}],"replies":[{"embeddable":true,"href":"https:\/\/www.clinicaareias.com\/mca\/wp-json\/wp\/v2\/comments?post=6628"}],"version-history":[{"count":20,"href":"https:\/\/www.clinicaareias.com\/mca\/wp-json\/wp\/v2\/pages\/6628\/revisions"}],"predecessor-version":[{"id":6649,"href":"https:\/\/www.clinicaareias.com\/mca\/wp-json\/wp\/v2\/pages\/6628\/revisions\/6649"}],"wp:attachment":[{"href":"https:\/\/www.clinicaareias.com\/mca\/wp-json\/wp\/v2\/media?parent=6628"}],"curies":[{"name":"wp","href":"https:\/\/api.w.org\/{rel}","templated":true}]}}